{"id":524,"date":"2019-09-25T10:06:32","date_gmt":"2019-09-25T08:06:32","guid":{"rendered":"https:\/\/www.gitarojim.eu\/?page_id=524"},"modified":"2023-01-19T15:31:34","modified_gmt":"2023-01-19T14:31:34","slug":"imprint","status":"publish","type":"page","link":"https:\/\/www.gitarojim.eu\/?page_id=524","title":{"rendered":"Imprint"},"content":{"rendered":"\t\t<div data-elementor-type=\"wp-page\" data-elementor-id=\"524\" class=\"elementor elementor-524\">\n\t\t\t\t\t\t<section class=\"elementor-section elementor-top-section elementor-element elementor-element-24c64b40 elementor-section-boxed elementor-section-height-default elementor-section-height-default\" data-id=\"24c64b40\" data-element_type=\"section\">\n\t\t\t\t\t\t<div class=\"elementor-container elementor-column-gap-default\">\n\t\t\t\t\t<div class=\"elementor-column elementor-col-100 elementor-top-column elementor-element elementor-element-1996930c\" data-id=\"1996930c\" data-element_type=\"column\">\n\t\t\t<div class=\"elementor-widget-wrap elementor-element-populated\">\n\t\t\t\t\t\t<div class=\"elementor-element elementor-element-2acb0578 elementor-widget elementor-widget-text-editor\" data-id=\"2acb0578\" data-element_type=\"widget\" data-widget_type=\"text-editor.default\">\n\t\t\t\t<div class=\"elementor-widget-container\">\n\t\t\t\t\t\t\t\t\t\n<p>Herausgeber:<\/p>\n\n\n\n<p>TERRASYS Geophysics GmbH &amp; Co. KG<br>Baumeisterstr. 2, 20099 Hamburg<br>Telefon: +49 40 28 00 46 &#8211; 0<br>Telefax: +49 40 28 00 46 &#8211; 46<br>Email: info@terrasys.de<br>Internet: www.terrasys.de <\/p>\n\n\n\n<p><br>Rechtsform:<br>Kommanditgesellschaft, Sitz Hamburg, <br>Registergericht Amtsgericht Hamburg HRA 87 216, <br>Gesch\u00e4ftsf\u00fchrer: Karl Goldschmidt, Markus Krieger <\/p>\n\n\n\n<p>Umsatzsteueridentifikations-Nr.: DE 160 008 158<\/p>\n\n\n\n<p>Pers\u00f6nlich haftende Gesellschafterin:                                          Verwaltungsgesellschaft TERRASYS Geophysics mbH                      Registergericht Amtsgericht Hamburg HRB 53764 <\/p>\n\n\n\n<p><\/p>\n\n\n\n<p><br>Copyrights:<br>\u00a9 2019 TERRASYS Geophysics Alle Rechte vorbehalten                           <br>Alle Daten innerhalb dieser Domain\/Site sind urheberrechtlich                           gesch\u00fctzt und d\u00fcrfen nicht ohne Zustimmung der Rechteinhaber verwendet werden. Links auf diese Site d\u00fcrfen nur auf die Startseite erfolgen, die Wiedergabe enthaltener Informationen innerhalb anderer                           Sites oder Medien ist nicht gestattet.                                                          <br>Alle Photos \u00a9 2019 Markus Krieger Alle Rechte vorbehalten<\/p>\n\t\t\t\t\t\t\t\t<\/div>\n\t\t\t\t<\/div>\n\t\t\t\t\t<\/div>\n\t\t<\/div>\n\t\t\t\t\t<\/div>\n\t\t<\/section>\n\t\t\t\t<\/div>\n\t\t","protected":false},"excerpt":{"rendered":"<p>Herausgeber: TERRASYS Geophysics GmbH &amp; Co. KGBaumeisterstr. 2, 20099 HamburgTelefon: +49 40 28 00 46 &#8211; 0Telefax: +49 40 28 00 46 &#8211; 46Email: info@terrasys.deInternet: www.terrasys.de Rechtsform:Kommanditgesellschaft, Sitz Hamburg, Registergericht Amtsgericht Hamburg HRA 87 216, Gesch\u00e4ftsf\u00fchrer: Karl Goldschmidt, Markus Krieger Umsatzsteueridentifikations-Nr.: DE 160 008 158 Pers\u00f6nlich haftende Gesellschafterin: Verwaltungsgesellschaft TERRASYS Geophysics mbH Registergericht Amtsgericht Hamburg&hellip;<\/p>\n","protected":false},"author":2,"featured_media":0,"parent":0,"menu_order":0,"comment_status":"closed","ping_status":"closed","template":"","meta":{"footnotes":""},"class_list":["post-524","page","type-page","status-publish","hentry"],"_links":{"self":[{"href":"https:\/\/www.gitarojim.eu\/index.php?rest_route=\/wp\/v2\/pages\/524","targetHints":{"allow":["GET"]}}],"collection":[{"href":"https:\/\/www.gitarojim.eu\/index.php?rest_route=\/wp\/v2\/pages"}],"about":[{"href":"https:\/\/www.gitarojim.eu\/index.php?rest_route=\/wp\/v2\/types\/page"}],"author":[{"embeddable":true,"href":"https:\/\/www.gitarojim.eu\/index.php?rest_route=\/wp\/v2\/users\/2"}],"replies":[{"embeddable":true,"href":"https:\/\/www.gitarojim.eu\/index.php?rest_route=%2Fwp%2Fv2%2Fcomments&post=524"}],"version-history":[{"count":17,"href":"https:\/\/www.gitarojim.eu\/index.php?rest_route=\/wp\/v2\/pages\/524\/revisions"}],"predecessor-version":[{"id":765,"href":"https:\/\/www.gitarojim.eu\/index.php?rest_route=\/wp\/v2\/pages\/524\/revisions\/765"}],"wp:attachment":[{"href":"https:\/\/www.gitarojim.eu\/index.php?rest_route=%2Fwp%2Fv2%2Fmedia&parent=524"}],"curies":[{"name":"wp","href":"https:\/\/api.w.org\/{rel}","templated":true}]}}